{"id":4033,"date":"2021-11-28T12:11:56","date_gmt":"2021-11-28T09:11:56","guid":{"rendered":"https:\/\/basit.co\/?page_id=4033"},"modified":"2022-02-04T16:22:10","modified_gmt":"2022-02-04T13:22:10","slug":"hakkimizda-2","status":"publish","type":"page","link":"https:\/\/basit.co\/index.php\/hakkimizda-2\/","title":{"rendered":"Hakk\u0131m\u0131zda"},"content":{"rendered":"<p>[vc_row row_content_width=&#8221;grid&#8221; enable_hue_rotation=&#8221;no&#8221; enable_text_marquee=&#8221;no&#8221;][vc_column]<div class=\"edgtf-elements-holder   edgtf-one-column  edgtf-responsive-mode-768 \" ><div class=\"edgtf-eh-item    \"  data-item-class=\"edgtf-eh-custom-5490\" data-1024-1280=\"120px 0 130px 0\" data-768-1024=\"130px 0 95px 0\" data-680-768=\"120px 0 95px 0\" data-680=\"120px 0 80px 0\">\n\t<div class=\"edgtf-eh-item-inner\">\n\t\t<div class=\"edgtf-eh-item-content edgtf-eh-custom-5490\" style=\"padding: 180px 0 215px 0\">\n\t\t\t[vc_empty_space height=&#8221;3px&#8221;]<h2 class=\"edgtf-custom-font-holder  edgtf-cf-1057\" style=\"font-family: Montserrat;font-size: 60px;line-height: 65px;font-weight: 600;color: #0000FF\" data-item-class=\"edgtf-cf-1057\" data-font-size-1280=\"70px\" data-font-size-1024=\"60px\" data-font-size-768=\"60px\" data-font-size-680=\"48px\" data-line-height-1280=\"80px\" data-line-height-1024=\"70px\" data-line-height-768=\"70px\" data-line-height-680=\"58px\">\n<span class=\"edgtf-cf-label\">D\u00fcnyay\u0131 basit fikirler de\u011fi\u015ftirir.<\/span>\n\t<\/h2>[vc_empty_space height=&#8221;30px&#8221;][vc_empty_space height=&#8221;15px&#8221;][vc_column_text]<\/p>\n<h4><strong><a href=\"https:\/\/basit.co\/\">Basit,<\/a> ba\u011f\u0131m<\/strong>s\u0131z ve multi-disipliner bir tasar\u0131m st\u00fcdyosudur.<\/h4>\n<p>[\/vc_column_text][vc_empty_space height=&#8221;21px&#8221;][vc_column_text]<\/p>\n<h4>\u00d6nceli\u011fi benzersiz markalar ve marka kimlikleri yaratmakt\u0131r.<\/h4>\n<p>[\/vc_column_text][vc_empty_space height=&#8221;21px&#8221;][vc_column_text]<\/p>\n<h4>Markalar i\u00e7in pazarlama, grafik tasar\u0131m\u0131 ve mimari disiplinler aras\u0131 \u00e7\u00f6z\u00fcmler sunar.<\/h4>\n<p>[\/vc_column_text][vc_empty_space height=&#8221;21px&#8221;][vc_column_text]<\/p>\n<h4>Ama her \u015feyden \u00f6nemlisi t\u00fcm fikirlerin basit olmas\u0131 i\u00e7in u\u011fra\u015f\u0131r.<\/h4>\n<p>[\/vc_column_text][vc_empty_space height=&#8221;21px&#8221;][vc_column_text]<\/p>\n<h4>\u00c7\u00fcnk\u00fc iyi fikirler hep <a href=\"https:\/\/basit.co\/\">basit<\/a> olmu\u015ftur.<\/h4>\n<p>[\/vc_column_text]\t\t<\/div>\n\t<\/div>\n<\/div><\/div>[\/vc_column][\/vc_row]<\/p>\n","protected":false},"excerpt":{"rendered":"<p>[vc_row row_content_width=&#8221;grid&#8221; enable_hue_rotation=&#8221;no&#8221; enable_text_marquee=&#8221;no&#8221;][vc_column][\/vc_column][\/vc_row]<\/p>\n","protected":false},"author":1,"featured_media":0,"parent":0,"menu_order":0,"comment_status":"closed","ping_status":"closed","template":"full-width.php","meta":{"footnotes":""},"class_list":["post-4033","page","type-page","status-publish","hentry"],"_links":{"self":[{"href":"https:\/\/basit.co\/index.php\/wp-json\/wp\/v2\/pages\/4033","targetHints":{"allow":["GET"]}}],"collection":[{"href":"https:\/\/basit.co\/index.php\/wp-json\/wp\/v2\/pages"}],"about":[{"href":"https:\/\/basit.co\/index.php\/wp-json\/wp\/v2\/types\/page"}],"author":[{"embeddable":true,"href":"https:\/\/basit.co\/index.php\/wp-json\/wp\/v2\/users\/1"}],"replies":[{"embeddable":true,"href":"https:\/\/basit.co\/index.php\/wp-json\/wp\/v2\/comments?post=4033"}],"version-history":[{"count":17,"href":"https:\/\/basit.co\/index.php\/wp-json\/wp\/v2\/pages\/4033\/revisions"}],"predecessor-version":[{"id":4819,"href":"https:\/\/basit.co\/index.php\/wp-json\/wp\/v2\/pages\/4033\/revisions\/4819"}],"wp:attachment":[{"href":"https:\/\/basit.co\/index.php\/wp-json\/wp\/v2\/media?parent=4033"}],"curies":[{"name":"wp","href":"https:\/\/api.w.org\/{rel}","templated":true}]}}